{"id":2294,"date":"2022-07-12T15:15:53","date_gmt":"2022-07-12T19:15:53","guid":{"rendered":"https:\/\/www.vincentergonomie.com\/?page_id=2294"},"modified":"2023-08-28T10:37:33","modified_gmt":"2023-08-28T14:37:33","slug":"our-ergonomists","status":"publish","type":"page","link":"https:\/\/www.vincentergonomie.com\/en\/our-firm\/our-ergonomists\/","title":{"rendered":"Our ergonomists"},"content":{"rendered":"\n<h2 class=\"wp-block-heading\">Our ergonomist<\/h2>\n\n\n\n<div class=\"wp-block-media-text alignwide is-stacked-on-mobile is-vertically-aligned-top\" style=\"grid-template-columns:25% auto\"><figure class=\"wp-block-media-text__media\"><img loading=\"lazy\" decoding=\"async\" width=\"821\" height=\"1024\" src=\"https:\/\/www.vincentergonomie.com\/wp-content\/uploads\/2021\/10\/ergonome_Patrick_Vincent-2-821x1024.jpg\" alt=\"\" class=\"wp-image-872 size-full\" title=\"\" srcset=\"https:\/\/www.vincentergonomie.com\/wp-content\/uploads\/2021\/10\/ergonome_Patrick_Vincent-2-821x1024.jpg 821w, https:\/\/www.vincentergonomie.com\/wp-content\/uploads\/2021\/10\/ergonome_Patrick_Vincent-2-240x300.jpg 240w, https:\/\/www.vincentergonomie.com\/wp-content\/uploads\/2021\/10\/ergonome_Patrick_Vincent-2-768x958.jpg 768w, https:\/\/www.vincentergonomie.com\/wp-content\/uploads\/2021\/10\/ergonome_Patrick_Vincent-2.jpg 1202w\" sizes=\"(max-width: 821px) 100vw, 821px\" \/><\/figure><div class=\"wp-block-media-text__content\">\n<h3 class=\"wp-block-heading\">Patrick Vincent<\/h3>\n\n\n\n<p>DESS, CCPE, WELL AP<br>Certified Ergonomist<br>President-CEO<\/p>\n\n\n\n<p>Patrick Vincent is the founding President of Vincent Ergonomie. He founded the enterprise in 2005. Mr. Vincent holds a bachelor\u2019s degree in Physical Activities from the University of Sherbrooke and a diploma of Higher Specialized Studies (DESS) in ergonomic intervention in occupational health and safety from the University of Quebec in Montreal.<\/p>\n\n\n\n<p>Mr. Vincent is also a member of the Association of Canadian Ergonomists (ACE) and of the Association of professional ergonomists of Quebec (APEQ). Since 2005, he holds the title of Certified Ergonomist, a designation conferred by the Canadian College for the certification of professional ergonomists. He was the first ergonomist, in Quebec, to obtain the Ergonomist WELL AP certification, a professional title conferred by The International Well Building Institute (IWBI).<\/p>\n\n\n\n<p>Mr. Vincent is a member of the APEQ and T\u00e9l\u00e9travail Qu\u00e9bec boards of directors. He also sits on the Host committee of the <em>Semaine du T\u00e9l\u00e9travail <\/em>and he is the content director of the Ergonomics content of the <em>Guide t\u00e9l\u00e9travail Qu\u00e9bec <\/em>of the Quebec Employers Council. Patrick Vincent is also an instructor for the Canada-Quebec Green Building Council and for the Professional Association for Interior Designers of Quebec (APDIQ).<\/p>\n<\/div><\/div>\n\n\n\n<div class=\"wp-block-media-text alignwide is-stacked-on-mobile is-vertically-aligned-top\" style=\"grid-template-columns:25% auto\"><figure class=\"wp-block-media-text__media\"><img loading=\"lazy\" decoding=\"async\" width=\"821\" height=\"1024\" src=\"https:\/\/www.vincentergonomie.com\/wp-content\/uploads\/2021\/10\/ergonome_Karine_Beaudry-821x1024.jpg\" alt=\"\" class=\"wp-image-733 size-full\" title=\"\" srcset=\"https:\/\/www.vincentergonomie.com\/wp-content\/uploads\/2021\/10\/ergonome_Karine_Beaudry-821x1024.jpg 821w, https:\/\/www.vincentergonomie.com\/wp-content\/uploads\/2021\/10\/ergonome_Karine_Beaudry-240x300.jpg 240w, https:\/\/www.vincentergonomie.com\/wp-content\/uploads\/2021\/10\/ergonome_Karine_Beaudry-768x958.jpg 768w, https:\/\/www.vincentergonomie.com\/wp-content\/uploads\/2021\/10\/ergonome_Karine_Beaudry.jpg 1202w\" sizes=\"(max-width: 821px) 100vw, 821px\" \/><\/figure><div class=\"wp-block-media-text__content\">\n<h3 class=\"wp-block-heading\">Karine Beaudry<\/h3>\n\n\n\n<p>B.A., DESS, <br>Certified Ergonomist, Designer<\/p>\n\n\n\n<p>Karine Beaudry holds a bachelor\u2019s degree in Environmental Design and a diploma of Higher Specialized Studies (DESS) in ergonomic intervention in occupational health and safety bestow by the University of Quebec in Montreal (UQAM). Karine Beaudry is a member of the Association of Canadian Ergonomists (ACE) since 2016 and a member of the Association of professional ergonomists of Quebec (APEQ). In 2022, the Canadian College for the certification of professional ergonomists bestow Ms.&nbsp;Beaudry on the title of Certified Ergonomist.<\/p>\n\n\n\n<p>Karine Beaudry is also an instructor for the Professional Association for Interior Designers of Quebec (APDIQ) and she collaborates to numerous events, publications and articles for B\u00e2timent durable Qu\u00e9bec.<\/p>\n<\/div><\/div>\n\n\n\n<div class=\"wp-block-media-text alignwide is-stacked-on-mobile is-vertically-aligned-top\" style=\"grid-template-columns:25% auto\"><figure class=\"wp-block-media-text__media\"><img loading=\"lazy\" decoding=\"async\" width=\"821\" height=\"1024\" src=\"https:\/\/www.vincentergonomie.com\/wp-content\/uploads\/2021\/10\/ergonome_Marie-Pierre_Morvan-1-821x1024.jpg\" alt=\"\" class=\"wp-image-824 size-full\" title=\"\" srcset=\"https:\/\/www.vincentergonomie.com\/wp-content\/uploads\/2021\/10\/ergonome_Marie-Pierre_Morvan-1-821x1024.jpg 821w, https:\/\/www.vincentergonomie.com\/wp-content\/uploads\/2021\/10\/ergonome_Marie-Pierre_Morvan-1-240x300.jpg 240w, https:\/\/www.vincentergonomie.com\/wp-content\/uploads\/2021\/10\/ergonome_Marie-Pierre_Morvan-1-768x958.jpg 768w, https:\/\/www.vincentergonomie.com\/wp-content\/uploads\/2021\/10\/ergonome_Marie-Pierre_Morvan-1.jpg 1202w\" sizes=\"(max-width: 821px) 100vw, 821px\" \/><\/figure><div class=\"wp-block-media-text__content\">\n<h3 class=\"wp-block-heading\">Marie-Pierre Morvan<\/h3>\n\n\n\n<p>M.Sc.<br>Ergonomist, Certified Kinesiologist<\/p>\n\n\n\n<p>Marie-Pierre Morvan holds a bachelor\u2019s degree in Kinesiology from the University of Sherbrooke. She completed a master\u2019s degree in Ergonomics from the University of Quebec in Montreal (UQAM).<\/p>\n\n\n\n<p>She is a member of the F\u00e9d\u00e9ration des kin\u00e9siologues du Qu\u00e9bec (FKQ) since 2013 and is also a member of the Association of Canadian Ergonomists (ACE) since 2014. Marie-Pierre Morvan is also a member of the Association of professional ergonomists of Quebec (APEQ).<\/p>\n\n\n\n<p>Madame Morvan sits on the ethics committee of the APEQ and on the Nominating committee of the FKQ. Ms. Morvan is also an instructor for the Professional Association for Interior Designers of Quebec (APDIQ).<\/p>\n<\/div><\/div>\n\n\n\n<div class=\"wp-block-media-text alignwide is-stacked-on-mobile is-vertically-aligned-top\" style=\"grid-template-columns:25% auto\"><figure class=\"wp-block-media-text__media\"><img loading=\"lazy\" decoding=\"async\" width=\"821\" height=\"1024\" src=\"https:\/\/www.vincentergonomie.com\/wp-content\/uploads\/2021\/10\/ergonome_Andreanne_Laliberte-821x1024.jpg\" alt=\"\" class=\"wp-image-737 size-full\" title=\"\" srcset=\"https:\/\/www.vincentergonomie.com\/wp-content\/uploads\/2021\/10\/ergonome_Andreanne_Laliberte-821x1024.jpg 821w, https:\/\/www.vincentergonomie.com\/wp-content\/uploads\/2021\/10\/ergonome_Andreanne_Laliberte-240x300.jpg 240w, https:\/\/www.vincentergonomie.com\/wp-content\/uploads\/2021\/10\/ergonome_Andreanne_Laliberte-768x958.jpg 768w, https:\/\/www.vincentergonomie.com\/wp-content\/uploads\/2021\/10\/ergonome_Andreanne_Laliberte.jpg 1202w\" sizes=\"(max-width: 821px) 100vw, 821px\" \/><\/figure><div class=\"wp-block-media-text__content\">\n<h3 class=\"wp-block-heading\">Andr\u00e9anne Lalibert\u00e9<\/h3>\n\n\n\n<p>M.Sc.<br>Ergonomist<\/p>\n\n\n\n<p>Andr\u00e9anne Lalibert\u00e9 holds a bachelor\u2019s degree in Physical Activities and a master\u2019s degree in Ergonomics from the University of Quebec in Montreal (UQAM). She also completed a certificate in occupational health and safety from the University of Abitibi-Temiscamingue.<\/p>\n\n\n\n<p>She is a member of the Association of Canadian Ergonomists (ACE) since 2017. She is also a member of the Association of professional ergonomists of Quebec (APEQ).<\/p>\n<\/div><\/div>\n\n\n\n<div class=\"wp-block-media-text alignwide is-stacked-on-mobile\" style=\"grid-template-columns:25% auto\"><figure class=\"wp-block-media-text__media\"><img loading=\"lazy\" decoding=\"async\" width=\"821\" height=\"1024\" src=\"https:\/\/www.vincentergonomie.com\/wp-content\/uploads\/2021\/10\/ergonome_Louis-Philippe_Martin-821x1024.jpg\" alt=\"\" class=\"wp-image-739 size-full\" title=\"\" srcset=\"https:\/\/www.vincentergonomie.com\/wp-content\/uploads\/2021\/10\/ergonome_Louis-Philippe_Martin-821x1024.jpg 821w, https:\/\/www.vincentergonomie.com\/wp-content\/uploads\/2021\/10\/ergonome_Louis-Philippe_Martin-240x300.jpg 240w, https:\/\/www.vincentergonomie.com\/wp-content\/uploads\/2021\/10\/ergonome_Louis-Philippe_Martin-768x958.jpg 768w, https:\/\/www.vincentergonomie.com\/wp-content\/uploads\/2021\/10\/ergonome_Louis-Philippe_Martin.jpg 1202w\" sizes=\"(max-width: 821px) 100vw, 821px\" \/><\/figure><div class=\"wp-block-media-text__content\">\n<h3 class=\"wp-block-heading\">Louis-Philippe Martin<\/h3>\n\n\n\n<p>M.Sc.<br>Ergonomist, Engineer<\/p>\n\n\n\n<p>Louis-Philippe Martin holds a bachelor\u2019s degree in Engineering from the University of Montreal \u2013 Polytechnic University. He also completed a certificate in occupational health and safety and a master\u2019s degree in Ergonomics from the University of Quebec in Montreal (UQAM).<\/p>\n\n\n\n<p>He is a member of the Ordre des ing\u00e9nieurs du Qu\u00e9bec since 1993, and he is a member of the Association of Canadian Ergonomists (ACE) since 2019. He is also a member of the Association of professional ergonomists of Quebec (APEQ).<\/p>\n\n\n\n<p><\/p>\n<\/div><\/div>\n\n\n\n<div class=\"wp-block-media-text alignwide is-stacked-on-mobile\" style=\"grid-template-columns:25% auto\"><figure class=\"wp-block-media-text__media\"><img loading=\"lazy\" decoding=\"async\" width=\"821\" height=\"1024\" src=\"https:\/\/www.vincentergonomie.com\/wp-content\/uploads\/2021\/10\/Martin_Bouchard-821x1024.jpg\" alt=\"Photo Martin Bouchard\" class=\"wp-image-743 size-full\" title=\"\" srcset=\"https:\/\/www.vincentergonomie.com\/wp-content\/uploads\/2021\/10\/Martin_Bouchard-821x1024.jpg 821w, https:\/\/www.vincentergonomie.com\/wp-content\/uploads\/2021\/10\/Martin_Bouchard-240x300.jpg 240w, https:\/\/www.vincentergonomie.com\/wp-content\/uploads\/2021\/10\/Martin_Bouchard-768x958.jpg 768w, https:\/\/www.vincentergonomie.com\/wp-content\/uploads\/2021\/10\/Martin_Bouchard.jpg 1202w\" sizes=\"(max-width: 821px) 100vw, 821px\" \/><\/figure><div class=\"wp-block-media-text__content\">\n<h3 class=\"wp-block-heading\">Martin Bouchard<\/h3>\n\n\n\n<p>B.Sc., M.A., Fitwel Ambassador<br>Deputy General Manager<\/p>\n\n\n\n<p>Martin Bouchard holds a bachelor\u2019s degree in Geography and a master\u2019s degree in Communication from the University of Quebec in Montreal (UQAM). He also holds a certificate in Law from the University of Montreal and completed several short programs in occupational health and safety and in management basics from the T\u00c9LUQ (T\u00e9l\u00e9-universit\u00e9).<\/p>\n\n\n\n<p>Mr. Bouchard sits on the Communication Committee of the Association of professional ergonomists of Quebec (APEQ) and heads the Communication Committee of B\u00e2timent durable Qu\u00e9bec.<\/p>\n<\/div><\/div>\n","protected":false},"excerpt":{"rendered":"<p>Our ergonomist Patrick Vincent DESS, CCPE, WELL APCertified ErgonomistPresident-CEO Patrick Vincent is the founding President of Vincent Ergonomie. He founded the enterprise in 2005. Mr. Vincent holds a bachelor\u2019s degree in Physical Activities from the University of Sherbrooke and a diploma of Higher Specialized Studies (DESS) in ergonomic intervention in occupational health and safety from &hellip; <a href=\"https:\/\/www.vincentergonomie.com\/en\/our-firm\/our-ergonomists\/\">Continued<\/a><\/p>\n","protected":false},"author":3,"featured_media":867,"parent":2863,"menu_order":3,"comment_status":"closed","ping_status":"closed","template":"","meta":{"_relevanssi_hide_post":"","_relevanssi_pin_for_all":"","_relevanssi_pin_keywords":"","_relevanssi_unpin_keywords":"","_relevanssi_related_keywords":"","_relevanssi_related_include_ids":"","_relevanssi_related_exclude_ids":"","_relevanssi_related_no_append":"","_relevanssi_related_not_related":"","_relevanssi_related_posts":"783","_relevanssi_noindex_reason":"","footnotes":""},"acf":[],"_links":{"self":[{"href":"https:\/\/www.vincentergonomie.com\/en\/wp-json\/wp\/v2\/pages\/2294"}],"collection":[{"href":"https:\/\/www.vincentergonomie.com\/en\/wp-json\/wp\/v2\/pages"}],"about":[{"href":"https:\/\/www.vincentergonomie.com\/en\/wp-json\/wp\/v2\/types\/page"}],"author":[{"embeddable":true,"href":"https:\/\/www.vincentergonomie.com\/en\/wp-json\/wp\/v2\/users\/3"}],"replies":[{"embeddable":true,"href":"https:\/\/www.vincentergonomie.com\/en\/wp-json\/wp\/v2\/comments?post=2294"}],"version-history":[{"count":2,"href":"https:\/\/www.vincentergonomie.com\/en\/wp-json\/wp\/v2\/pages\/2294\/revisions"}],"predecessor-version":[{"id":3154,"href":"https:\/\/www.vincentergonomie.com\/en\/wp-json\/wp\/v2\/pages\/2294\/revisions\/3154"}],"up":[{"embeddable":true,"href":"https:\/\/www.vincentergonomie.com\/en\/wp-json\/wp\/v2\/pages\/2863"}],"wp:featuredmedia":[{"embeddable":true,"href":"https:\/\/www.vincentergonomie.com\/en\/wp-json\/wp\/v2\/media\/867"}],"wp:attachment":[{"href":"https:\/\/www.vincentergonomie.com\/en\/wp-json\/wp\/v2\/media?parent=2294"}],"curies":[{"name":"wp","href":"https:\/\/api.w.org\/{rel}","templated":true}]}}