{"id":2784,"date":"2023-04-05T15:44:04","date_gmt":"2023-04-05T19:44:04","guid":{"rendered":"https:\/\/www.vincentergonomie.com\/?page_id=2784"},"modified":"2023-08-11T10:46:56","modified_gmt":"2023-08-11T14:46:56","slug":"about-us","status":"publish","type":"page","link":"https:\/\/www.vincentergonomie.com\/en\/our-firm\/about-us\/","title":{"rendered":"About us"},"content":{"rendered":"<section class=\"relative-navigation-block alignfull\">\n  <div class=\"relative-nav-wrapper\">\n    <nav class=\"relative-nav\">\n      <ul class=\"relative-nav__level\">\n                              <li class=\"relative-nav__item\">\n              <a href=\"\" class=\"relative-nav__item__cta\">\n                Who we are ?              <\/a>\n            <\/li>\n                      <li class=\"relative-nav__item\">\n              <a href=\"https:\/\/www.vincentergonomie.com\/en\/our-firm\/our-approach\/\" class=\"relative-nav__item__cta\">\n                Our approach              <\/a>\n            <\/li>\n                      <li class=\"relative-nav__item\">\n              <a href=\"https:\/\/www.vincentergonomie.com\/en\/our-firm\/case-studies\/\" class=\"relative-nav__item__cta\">\n                Case Studies              <\/a>\n            <\/li>\n                      <li class=\"relative-nav__item\">\n              <a href=\"https:\/\/www.vincentergonomie.com\/en\/our-firm\/our-ergonomists\/\" class=\"relative-nav__item__cta\">\n                Our ergonomists              <\/a>\n            <\/li>\n                        <\/ul>\n    <\/nav>\n  <\/div>\n  <div class=\"relative-nav-select\">\n  <div class=\"relative-nav-select__inner\">\n    <div class=\"relative-nav-select__label-wrap\">\n        <div class=\"relative-nav-select__label\">About us<\/div>\n    <\/div>\n    <div class=\"relative-nav-select__dropdown\">\n      <ul class=\"relative-nav__level\">\n                                  <li class=\"relative-nav__item\">\n                <a href=\"\" class=\"relative-nav__item__cta\">\n                  Who we are ?                <\/a>\n              <\/li>\n                          <li class=\"relative-nav__item\">\n                <a href=\"https:\/\/www.vincentergonomie.com\/en\/our-firm\/our-approach\/\" class=\"relative-nav__item__cta\">\n                  Our approach                <\/a>\n              <\/li>\n                          <li class=\"relative-nav__item\">\n                <a href=\"https:\/\/www.vincentergonomie.com\/en\/our-firm\/case-studies\/\" class=\"relative-nav__item__cta\">\n                  Case Studies                <\/a>\n              <\/li>\n                          <li class=\"relative-nav__item\">\n                <a href=\"https:\/\/www.vincentergonomie.com\/en\/our-firm\/our-ergonomists\/\" class=\"relative-nav__item__cta\">\n                  Our ergonomists                <\/a>\n              <\/li>\n                            <\/ul>\n    <\/div>\n  <\/div>\n<\/div>\n<\/section>\n\n\n\n<p><\/p>\n\n\n\n<p><\/p>\n\n\n\n<h2 class=\"wp-block-heading\">A Consulting Firm in Ergonomics<\/h2>\n\n\n\n<p>Founded in 2005, Vincent Ergonomie Inc. has rapidly succeeded in securing a choice position in the ergonomics consulting industry. The firm has several ergonomists and an administrative permanence to ensure effective follow-up of all requests and client files. Since its creation, the ergonomists of Vincent Ergonomie accomplished mandates across the North America: from Kuujjuaq to Dallas, including Vancouver and Halifax.<\/p>\n\n\n\n<p>Even though mandates can ring the firm beyond the geographical confines of Quebec, Vincent Ergonomie primarily delivers services in the Greater Montreal. The firm serves the municipal sector, the institutional sector as well as SMEs and large companies.<\/p>\n\n\n<div class=\"wp-block-image\">\n<figure class=\"alignleft size-large is-resized\"><img loading=\"lazy\" decoding=\"async\" src=\"https:\/\/www.vincentergonomie.com\/wp-content\/uploads\/2021\/10\/ergonome_Patrick_Vincent-2-821x1024.jpg\" alt=\"\" class=\"wp-image-872\" width=\"205\" height=\"256\" title=\"\" srcset=\"https:\/\/www.vincentergonomie.com\/wp-content\/uploads\/2021\/10\/ergonome_Patrick_Vincent-2-821x1024.jpg 821w, https:\/\/www.vincentergonomie.com\/wp-content\/uploads\/2021\/10\/ergonome_Patrick_Vincent-2-240x300.jpg 240w, https:\/\/www.vincentergonomie.com\/wp-content\/uploads\/2021\/10\/ergonome_Patrick_Vincent-2-768x958.jpg 768w, https:\/\/www.vincentergonomie.com\/wp-content\/uploads\/2021\/10\/ergonome_Patrick_Vincent-2.jpg 1202w\" sizes=\"(max-width: 205px) 100vw, 205px\" \/><figcaption class=\"wp-element-caption\">Patrick Vincent, DESS, CCPE, WELL AP<\/figcaption><\/figure><\/div>\n\n\n<p>Patrick Vincent, founder and principal ergonomist of the firm, has been working for more than 20 years in ergonomics and licensed by the Canadian College for the Certification of Professional Ergonomists. The CCCPE is an instance created by the Association of Canadian Ergonomists (ACE). Besides, Patrick Vincent has acted as an evaluation member on the Council in 2006 and 2007, to assess candidates\u2019 files to the Canadian certification of professional ergonomists.<\/p>\n\n\n\n<p>Patrick Vincent started his firm, Vincent Ergonomie, after he has been able to carry out a variety of major projects in ergonomics has an advisor for 7 years for the Assocation paritaire pour la Sant\u00e9 et la S\u00e9curit\u00e9 du travail, Municipal Affairs sector (APSAM). Working for APSAM, Patrick Vincent acquired a solid knowledge of the municipal sector and of highly unionized environments. He also wrote numerous of articles and documents for the APSAM and the CNESST, about ergonomics of police belt and ergonomics conception in libraries.<\/p>\n\n\n\n<p>Patrick Vincent has a vast experience in managing mandates for major projects, such as advising on construction projects, research projects and products development, concept of patrol vehicle cabin, and development of multimedia solutions. All these projects have been completed after several months and have implied numerous of partners and participants.<\/p>\n\n\n\n<h2 class=\"wp-block-heading\"><strong>The Ergonomics Leaders to Design Workspaces<\/strong><\/h2>\n\n\n\n<p>Recognized for its expertise in design, Vincent Ergonomie participated in numerous major architectural and industrial projects including the construction and the redevelopment of the BAnQ (the Grande Biblioth\u00e8que, the National Library and the National Archives), the construction of the ABB St-Laurent Campus, the construction of an organic materials treatment center in St-Laurent and a biomethanization Centre in Montreal-Est. Vincent Ergonomie had completed hundred of projects in ergonomics workspaces. The firm is also very involved in sustainable development in construction. Vincent Ergonomie is a Service Partner of the Maison du d\u00e9veloppement durable. Vincent Ergonomie obtained the first-ever granted credit in Quebec LEED Innovation &amp; Pilot credits&nbsp;in Ergonomics for the project Marc-Favreau Library in the Rosemont-La Petite-Patrie district. Since then, the firm is pursuing its work in sustainable green building (LEED &amp; WELL).<\/p>\n\n\n\n<figure class=\"wp-block-image size-large\"><img loading=\"lazy\" decoding=\"async\" width=\"1024\" height=\"667\" src=\"https:\/\/www.vincentergonomie.com\/wp-content\/uploads\/2021\/12\/Biblio-M.Favreau_24-1024x667.jpg\" alt=\"\" class=\"wp-image-1623\" title=\"\" srcset=\"https:\/\/www.vincentergonomie.com\/wp-content\/uploads\/2021\/12\/Biblio-M.Favreau_24-1024x667.jpg 1024w, https:\/\/www.vincentergonomie.com\/wp-content\/uploads\/2021\/12\/Biblio-M.Favreau_24-300x195.jpg 300w, https:\/\/www.vincentergonomie.com\/wp-content\/uploads\/2021\/12\/Biblio-M.Favreau_24-768x500.jpg 768w, https:\/\/www.vincentergonomie.com\/wp-content\/uploads\/2021\/12\/Biblio-M.Favreau_24-1536x1001.jpg 1536w, https:\/\/www.vincentergonomie.com\/wp-content\/uploads\/2021\/12\/Biblio-M.Favreau_24.jpg 1650w\" sizes=\"(max-width: 1024px) 100vw, 1024px\" \/><figcaption class=\"wp-element-caption\">Marc-Favreau Library. LEED Innovation &amp; Pilot credits in Ergonomics earned.<\/figcaption><\/figure>\n\n\n\n<h2 class=\"wp-block-heading\"><strong>The Ergonomics Firm for the Policing World<\/strong><\/h2>\n\n\n\n<p>Vincent Ergonomie has extensive expertise in ergonomics related to the policing sector. Ergonomics services provider of the Service de police de la Ville de Montr\u00e9al (SPVM), the S\u00fbret\u00e9 du Qu\u00e9bec (SQ, Nationale Police Force), and others police services such as the Toronto Police Service, Vincent Ergonomie performs job retention and returning to work interventions for police officers who experience discomforts with their belt. Vincent Ergonomie also conducts ergonomics assessments to provide help to police services to ergonomize the patrol car cabins. We support police services during air bags tests to ensure conformity of the installation of computer designed to police work. This ergonomics expertise also covers a large range of other subjects such as training for the use of the battering ram, reorganisation of all workspaces of the 911 call centre, construction of police station, etc.<\/p>\n\n\n\n<figure class=\"wp-block-image size-large\"><img loading=\"lazy\" decoding=\"async\" width=\"1024\" height=\"768\" src=\"https:\/\/www.vincentergonomie.com\/wp-content\/uploads\/2021\/12\/IMG_1166-1024x768.jpg\" alt=\"\" class=\"wp-image-1625\" title=\"\" srcset=\"https:\/\/www.vincentergonomie.com\/wp-content\/uploads\/2021\/12\/IMG_1166-1024x768.jpg 1024w, https:\/\/www.vincentergonomie.com\/wp-content\/uploads\/2021\/12\/IMG_1166-300x225.jpg 300w, https:\/\/www.vincentergonomie.com\/wp-content\/uploads\/2021\/12\/IMG_1166-768x576.jpg 768w, https:\/\/www.vincentergonomie.com\/wp-content\/uploads\/2021\/12\/IMG_1166-1536x1152.jpg 1536w, https:\/\/www.vincentergonomie.com\/wp-content\/uploads\/2021\/12\/IMG_1166.jpg 1920w\" sizes=\"(max-width: 1024px) 100vw, 1024px\" \/><figcaption class=\"wp-element-caption\">Air bags tests, Transport Canada facility in Blainville.<\/figcaption><\/figure>\n\n\n\n<h2 class=\"wp-block-heading\"><strong>Leader in Ergonomics<\/strong><\/h2>\n\n\n\n<p>Since his opening, Vincent Ergonomie\u2019s ergonomists completed projects all over North America, from Kuujjuaq to Dallas, including Vancouver and Halifax. It truly demonstrates that our expertise is recognized and valued by our clients. Our team of ergonomists has completed several major projects, and so we invite you to consult <a href=\"https:\/\/www.vincentergonomie.com\/a-propos\/etudes-de-cas\/\"><strong>\u00e9tudes de cas<\/strong><\/a>&nbsp;(case studies) to learn more about our expertise and our know-how.<\/p>\n\n\n\n<p>Vincent Ergonomie is a true leader in ergonomics in Quebec.<\/p>\n\n\n\n<p>Mr. Vincent, Mr. Bouchard et Ms Morvan are involved in the Association professionnelle des ergonomes du Qu\u00e9bec (APEQ). Mr. Bouchard is also involved in the communications committee of the APEQ, and Ms Morvan is involved in the ethics committee of the APEQ. Mr. Vincent has initiated the <a href=\"http:\/\/www.apdiq.com\/les-travaux-de-la-table-detude-apdiq-apeq\/\" target=\"_blank\" rel=\"noreferrer noopener\"><strong>Table d\u2019\u00e9tude conjointe de l\u2019Association professionnelle des ergonomes du Qu\u00e9bec et de l\u2019Association professionnelle des designers d\u2019int\u00e9rieur du Qu\u00e9bec pour les am\u00e9nagements et environnement de travail en mode pand\u00e9mie et post-pand\u00e9mie<\/strong><\/a>.&nbsp;<strong>&nbsp;&nbsp;<\/strong><\/p>\n\n\n\n<p>During the pandemic, Mr. Vincent was also involved in many projects:<\/p>\n\n\n\n<p>Mr. Vincent acted as an advisor on the advisory committee of the COVIDesign project by Design Montr\u00e9al de la Ville de Montr\u00e9al and coordinate by Architecture Without Borders Quebec (AWBQ). This research project led to the publication of the <a href=\"https:\/\/designmontreal.com\/sites\/designmontreal.com\/files\/publications\/guide_amenagement_commerce_resilient_vmtl-asfq_2021_0.pdf\" target=\"_blank\" rel=\"noreferrer noopener\"><strong>Guide d\u2019am\u00e9nagement commerce r\u00e9silient. Repenser le design de commerce apr\u00e8s la pand\u00e9mie<\/strong><\/a>.<\/p>\n\n\n\n<p>Mr. Vincent has been involved in the organisation of the <a href=\"https:\/\/teletravail.zohobackstage.com\/semaineduteletravail2021?lang=fr\" target=\"_blank\" rel=\"noreferrer noopener\"><strong>Semaine du t\u00e9l\u00e9travail<\/strong><\/a>, an event by the NPO T\u00e9l\u00e9travail Qu\u00e9bec. The 2021 event took place from September 13<sup>th<\/sup> to 17<sup>th<\/sup> and has attracted more than 500 persons, and the event covered 5 major subjects including <em>Ergonomics and planning <\/em>under the guidance of Patrick Vincent.<\/p>\n\n\n\n<p>Mr. Vincent has participated to many conferences about remote work and the organisation of work in hybrid mode. These conferences were given for many organisations such as Index-design, the Ordre des conseillers en ressources humaines agrees (CRHA), Contech, and Guide T\u00e9l\u00e9travail Qu\u00e9bec. Mr Vincent is also the content director of the ergonomics department of the Guide T\u00e9l\u00e9travail Qu\u00e9bec, a platform developed by the Conseil du Patronat du Qu\u00e9bec (CPQ).<\/p>\n\n\n\n<p>Finally, Vincent Ergonomie pursues its long-standing involvement of sustainable building. Mr. Bouchard is involved in the communications committee of the Canada Green Building Council (now B\u00e2timent durable Qu\u00e9bec) since many years. Mr. Vincent is also involved and is a trainer for <a href=\"https:\/\/batimentdurable.ca\/activites-et-formations\/ergonomie-et-batiment-durable-leed-well-et-fitwell\" target=\"_blank\" rel=\"noopener\">B\u00e2timent durable Qu\u00e9bec<\/a>. By participating in the certification of many projects earning to LEED certification, he is also the only ergonomists in Quebec to obtain the WELL AP certification, a professional title conferred by the International Well Building Institute (IWBI).<\/p>\n","protected":false},"excerpt":{"rendered":"<p>A Consulting Firm in Ergonomics Founded in 2005, Vincent Ergonomie Inc. has rapidly succeeded in securing a choice position in the ergonomics consulting industry. The firm has several ergonomists and an administrative permanence to ensure effective follow-up of all requests and client files. Since its creation, the ergonomists of Vincent Ergonomie accomplished mandates across the &hellip; <a href=\"https:\/\/www.vincentergonomie.com\/en\/our-firm\/about-us\/\">Continued<\/a><\/p>\n","protected":false},"author":3,"featured_media":867,"parent":2863,"menu_order":-1,"comment_status":"closed","ping_status":"closed","template":"","meta":{"_relevanssi_hide_post":"","_relevanssi_pin_for_all":"","_relevanssi_pin_keywords":"","_relevanssi_unpin_keywords":"","_relevanssi_related_keywords":"","_relevanssi_related_include_ids":"","_relevanssi_related_exclude_ids":"","_relevanssi_related_no_append":"","_relevanssi_related_not_related":"","_relevanssi_related_posts":"783","_relevanssi_noindex_reason":"","footnotes":""},"acf":[],"_links":{"self":[{"href":"https:\/\/www.vincentergonomie.com\/en\/wp-json\/wp\/v2\/pages\/2784"}],"collection":[{"href":"https:\/\/www.vincentergonomie.com\/en\/wp-json\/wp\/v2\/pages"}],"about":[{"href":"https:\/\/www.vincentergonomie.com\/en\/wp-json\/wp\/v2\/types\/page"}],"author":[{"embeddable":true,"href":"https:\/\/www.vincentergonomie.com\/en\/wp-json\/wp\/v2\/users\/3"}],"replies":[{"embeddable":true,"href":"https:\/\/www.vincentergonomie.com\/en\/wp-json\/wp\/v2\/comments?post=2784"}],"version-history":[{"count":17,"href":"https:\/\/www.vincentergonomie.com\/en\/wp-json\/wp\/v2\/pages\/2784\/revisions"}],"predecessor-version":[{"id":3151,"href":"https:\/\/www.vincentergonomie.com\/en\/wp-json\/wp\/v2\/pages\/2784\/revisions\/3151"}],"up":[{"embeddable":true,"href":"https:\/\/www.vincentergonomie.com\/en\/wp-json\/wp\/v2\/pages\/2863"}],"wp:featuredmedia":[{"embeddable":true,"href":"https:\/\/www.vincentergonomie.com\/en\/wp-json\/wp\/v2\/media\/867"}],"wp:attachment":[{"href":"https:\/\/www.vincentergonomie.com\/en\/wp-json\/wp\/v2\/media?parent=2784"}],"curies":[{"name":"wp","href":"https:\/\/api.w.org\/{rel}","templated":true}]}}