{"id":446,"date":"2021-08-31T10:23:12","date_gmt":"2021-08-31T15:23:12","guid":{"rendered":"http:\/\/www.vincentergonomie.com\/?page_id=446"},"modified":"2021-12-10T15:48:09","modified_gmt":"2021-12-10T20:48:09","slug":"liens-utiles","status":"publish","type":"page","link":"https:\/\/www.vincentergonomie.com\/en\/liens-utiles\/","title":{"rendered":"Liens utiles"},"content":{"rendered":"\n<p>Voici quelques liens utiles en lien avec la pratique de l&#8217;ergonomie, la r\u00e8glementation et autres sites d&#8217;int\u00e9r\u00eat.<\/p>\n\n\n\n<h2 class=\"wp-block-heading\">Associations professionnelles et regroupements<\/h2>\n\n\n\n<ul><li><a href=\"https:\/\/iea.cc\/\" data-type=\"URL\" data-id=\"https:\/\/iea.cc\/\" target=\"_blank\" rel=\"noopener\">International Ergonomics Association<\/a> (IEA)<\/li><li><a href=\"https:\/\/ergonomicscanada.ca\/fr\" data-type=\"URL\" data-id=\"https:\/\/ergonomicscanada.ca\/fr\" target=\"_blank\" rel=\"noopener\">Association canadienne d&#8217;ergonomie<\/a> (ACE)<\/li><li><a href=\"https:\/\/www.cccpe.ca\/fr\" data-type=\"URL\" data-id=\"https:\/\/www.cccpe.ca\/fr\" target=\"_blank\" rel=\"noopener\">Conseil canadien de certification des praticiens en ergonomie<\/a> (CCCPE)<\/li><li><a href=\"https:\/\/www.ergonomes-professionnels.com\/\" data-type=\"URL\" data-id=\"https:\/\/www.ergonomes-professionnels.com\/\" target=\"_blank\" rel=\"noopener\">Association professionnelle des ergonomes du Qu\u00e9bec<\/a> (APEQ)<\/li><li><a href=\"https:\/\/www.aqhsst.qc.ca\/\" target=\"_blank\" rel=\"noopener\">Association qu\u00e9b\u00e9coise pour l&#8217;hygi\u00e8ne, la sant\u00e9 et la s\u00e9curit\u00e9 du travail<\/a> (AQHSST)<\/li><li><a href=\"https:\/\/www.hse.gov.uk\/index.htm\" data-type=\"URL\" data-id=\"https:\/\/www.hse.gov.uk\/index.htm\" target=\"_blank\" rel=\"noopener\">Health &amp; Safety Executive<\/a> (HSE) &#8211; UK<\/li><\/ul>\n\n\n\n<h2 class=\"wp-block-heading\">Centres de recherche<\/h2>\n\n\n\n<ul><li><a href=\"https:\/\/www.irsst.qc.ca\/\" target=\"_blank\" rel=\"noopener\">Institut de recherche Robert-Sauv\u00e9 en sant\u00e9 et en s\u00e9curit\u00e9 du travail<\/a> (IRSST)<\/li><li><a href=\"https:\/\/www.iwh.on.ca\/\" data-type=\"URL\" data-id=\"https:\/\/www.iwh.on.ca\/\" target=\"_blank\" rel=\"noopener\">Institute for Work and Health<\/a> (IWH) &#8211; Ontario<\/li><\/ul>\n\n\n\n<h2 class=\"wp-block-heading\">Institutions gouvernementales<\/h2>\n\n\n\n<ul><li><a href=\"https:\/\/www.cnesst.gouv.qc.ca\/fr\" data-type=\"URL\" data-id=\"https:\/\/www.cnesst.gouv.qc.ca\/fr\" target=\"_blank\" rel=\"noopener\">Commission des normes, de l&#8217;\u00e9quit\u00e9, de la sant\u00e9 et s\u00e9curit\u00e9 du travail<\/a> (CNESST)<\/li><li><a href=\"https:\/\/www.centredoc.cnesst.gouv.qc.ca\/\" data-type=\"URL\" data-id=\"https:\/\/www.centredoc.cnesst.gouv.qc.ca\/\" target=\"_blank\" rel=\"noopener\">Centre de documentation de la CNESST<\/a><\/li><li><a href=\"https:\/\/www.irsst.qc.ca\/publications-et-outils\/liens-utiles\/categorie\/c\/48\/n\/associations-sectorielles-paritaires\" data-type=\"URL\" data-id=\"https:\/\/www.irsst.qc.ca\/publications-et-outils\/liens-utiles\/categorie\/c\/48\/n\/associations-sectorielles-paritaires\" target=\"_blank\" rel=\"noopener\">Liste des associations sectorielles paritaires<\/a> (ASP)<\/li><li><a href=\"https:\/\/osha.europa.eu\/fr\" data-type=\"URL\" data-id=\"https:\/\/osha.europa.eu\/fr\" target=\"_blank\" rel=\"noopener\">Agence europ\u00e9enne pour la sant\u00e9 et la s\u00e9curit\u00e9 au travail<\/a> (EU-OSHA)<\/li><li><a href=\"https:\/\/www.cdc.gov\/niosh\/index.htm\" data-type=\"URL\" data-id=\"https:\/\/www.cdc.gov\/niosh\/index.htm\" target=\"_blank\" rel=\"noopener\">The National Institute for Occupational Safety and Health<\/a> (NIOSH)<\/li><\/ul>\n\n\n\n<h2 class=\"wp-block-heading\">Lois et r\u00e8glementations<\/h2>\n\n\n\n<ul><li><a href=\"https:\/\/laws-lois.justice.gc.ca\/fra\/reglements\/DORS-86-304\/TexteComplet.html\" data-type=\"URL\" data-id=\"https:\/\/laws-lois.justice.gc.ca\/fra\/reglements\/DORS-86-304\/TexteComplet.html\" target=\"_blank\" rel=\"noopener\">R\u00e8glement canadien sur la sant\u00e9 et la s\u00e9curit\u00e9 au travail &#8211; Canada<\/a><\/li><li><a href=\"http:\/\/legisquebec.gouv.qc.ca\/fr\/showdoc\/cs\/s-2.1\" data-type=\"URL\" data-id=\"http:\/\/legisquebec.gouv.qc.ca\/fr\/showdoc\/cs\/s-2.1\" target=\"_blank\" rel=\"noopener\">Loi sur la sant\u00e9 et la s\u00e9curit\u00e9 du travail &#8211; Qu\u00e9bec<\/a> (LSST)<\/li><li><a href=\"http:\/\/legisquebec.gouv.qc.ca\/fr\/showdoc\/cs\/A-3.001\" target=\"_blank\" rel=\"noopener\">Loi sur les accidents du travail et les maladies professionnelles<\/a> (LATMP)<\/li><\/ul>\n\n\n\n<h2 class=\"wp-block-heading\">Normes<\/h2>\n\n\n\n<ul><li><a href=\"https:\/\/www.csagroup.org\/fr\/\" data-type=\"URL\" data-id=\"https:\/\/www.csagroup.org\/fr\/\" target=\"_blank\" rel=\"noopener\">Groupe CSA<\/a><\/li><li><a href=\"https:\/\/www.iso.org\/fr\/home.html\" data-type=\"URL\" data-id=\"https:\/\/www.iso.org\/fr\/home.html\" target=\"_blank\" rel=\"noopener\">Organisation internationale de normalisation<\/a> (ISO)<\/li><li><a href=\"https:\/\/www.afnor.org\/\" data-type=\"URL\" data-id=\"https:\/\/www.afnor.org\/\" target=\"_blank\" rel=\"noopener\">Groupe AFNOR<\/a><\/li><\/ul>\n","protected":false},"excerpt":{"rendered":"<p>Voici quelques liens utiles en lien avec la pratique de l&#8217;ergonomie, la r\u00e8glementation et autres sites d&#8217;int\u00e9r\u00eat. Associations professionnelles et regroupements International Ergonomics Association (IEA) Association canadienne d&#8217;ergonomie (ACE) Conseil canadien de certification des praticiens en ergonomie (CCCPE) Association professionnelle des ergonomes du Qu\u00e9bec (APEQ) Association qu\u00e9b\u00e9coise pour l&#8217;hygi\u00e8ne, la sant\u00e9 et la s\u00e9curit\u00e9 du &hellip; <a href=\"https:\/\/www.vincentergonomie.com\/en\/liens-utiles\/\">Continued<\/a><\/p>\n","protected":false},"author":1,"featured_media":866,"parent":0,"menu_order":0,"comment_status":"closed","ping_status":"closed","template":"","meta":{"_relevanssi_hide_post":"","_relevanssi_pin_for_all":"","_relevanssi_pin_keywords":"","_relevanssi_unpin_keywords":"","_relevanssi_related_keywords":"","_relevanssi_related_include_ids":"","_relevanssi_related_exclude_ids":"","_relevanssi_related_no_append":"","_relevanssi_related_not_related":"","_relevanssi_related_posts":"243,1,251,213","_relevanssi_noindex_reason":"","footnotes":""},"acf":[],"_links":{"self":[{"href":"https:\/\/www.vincentergonomie.com\/en\/wp-json\/wp\/v2\/pages\/446"}],"collection":[{"href":"https:\/\/www.vincentergonomie.com\/en\/wp-json\/wp\/v2\/pages"}],"about":[{"href":"https:\/\/www.vincentergonomie.com\/en\/wp-json\/wp\/v2\/types\/page"}],"author":[{"embeddable":true,"href":"https:\/\/www.vincentergonomie.com\/en\/wp-json\/wp\/v2\/users\/1"}],"replies":[{"embeddable":true,"href":"https:\/\/www.vincentergonomie.com\/en\/wp-json\/wp\/v2\/comments?post=446"}],"version-history":[{"count":3,"href":"https:\/\/www.vincentergonomie.com\/en\/wp-json\/wp\/v2\/pages\/446\/revisions"}],"predecessor-version":[{"id":1778,"href":"https:\/\/www.vincentergonomie.com\/en\/wp-json\/wp\/v2\/pages\/446\/revisions\/1778"}],"wp:featuredmedia":[{"embeddable":true,"href":"https:\/\/www.vincentergonomie.com\/en\/wp-json\/wp\/v2\/media\/866"}],"wp:attachment":[{"href":"https:\/\/www.vincentergonomie.com\/en\/wp-json\/wp\/v2\/media?parent=446"}],"curies":[{"name":"wp","href":"https:\/\/api.w.org\/{rel}","templated":true}]}}