{"id":481,"date":"2021-08-16T10:30:25","date_gmt":"2021-08-16T15:30:25","guid":{"rendered":"https:\/\/www.vincentergonomie.com\/accueil\/"},"modified":"2023-07-12T14:38:55","modified_gmt":"2023-07-12T18:38:55","slug":"accueil","status":"publish","type":"page","link":"https:\/\/www.vincentergonomie.com\/en\/","title":{"rendered":"Home"},"content":{"rendered":"<section class=\"image-text-block__preview\">\n    <h1 class=\"title-preview\">Image &amp; text<\/h1>\n    <div class=\"image-text-block__wrapper\">\n        <div class=\"image-text-block__image\">\n\n        <\/div>\n        <div class=\"image-text-block__text\">\n            \n\n<p class=\"is-style-bold-text\">Expertise<\/p>\n\n\n\n<h2 class=\"wp-block-heading\">A complete expertise in ergonomics for a healthy and efficient business<\/h2>\n\n\n\n<p>You would like assistance with preventing TMS, managing occupational diseases claims and cases, continuing improvement of your procedures and overall HR business practice, validating the ergonomics of your workspaces, or even outsourcing your ergonomics department? We can help you.<\/p>\n\n\n\n<div class=\"wp-block-buttons is-layout-flex wp-block-buttons-is-layout-flex\">\n<div class=\"wp-block-button is-style-outline\"><a class=\"wp-block-button__link wp-element-button\" href=\"google.ca\">Learn more<\/a><\/div>\n<\/div>\n\n\n\n<p><\/p>\n\n\n        <\/div>\n    <\/div>\n<\/section>\n                    \n\n\n<section class=\"image-text-block__preview\">\n    <h1 class=\"title-preview\">Image &amp; text<\/h1>\n    <div class=\"image-text-block__wrapper\">\n        <div class=\"image-text-block__image\">\n\n        <\/div>\n        <div class=\"image-text-block__text\">\n            \n\n<p class=\"is-style-bold-text\" id=\"block-8734a34b-c16e-461b-a845-088383ea78e8\">Experience<\/p>\n\n\n\n<h2 class=\"wp-block-heading\" id=\"block-4b6f2435-0588-4fbf-82c1-d6b9ec56432c\">Successful projects thanks to an experienced consulting firm of ergonomics<\/h2>\n\n\n\n<p id=\"block-c54ab9da-66fc-4247-be51-edcf29ba42d3\">An experienced consulting firm of ergonomics managed by a certified ergonomist\/project manager of 20 years of experience in ergonomics. It does make a world of difference when it comes time to plan an efficient ergonomic assessment.<\/p>\n\n\n\n<div class=\"wp-block-buttons is-layout-flex wp-block-buttons-is-layout-flex\">\n<div class=\"wp-block-button is-style-outline\"><a class=\"wp-block-button__link wp-element-button\" href=\"google.ca\" target=\"_blank\" rel=\"noreferrer noopener\">Learn more<\/a><\/div>\n<\/div>\n\n\n        <\/div>\n    <\/div>\n<\/section>\n                    \n\n\n<section class=\"image-text-block__preview\">\n    <h1 class=\"title-preview\">Introduction block<\/h1>\n    <div class=\"image-text-block__wrapper\">\n        <div class=\"image-text-block__image\">\n\n        <\/div>\n        <div class=\"image-text-block__text\">\n            \n\n<p class=\"is-style-bold-text\">Capacity<\/p>\n\n\n\n<h2 class=\"wp-block-heading\">A team of professional ergonomists for a swift response to ergonomic risks and efficient solutions<\/h2>\n\n\n\n<p>Do business with our team of experts in Montreal or elsewhere in Quebec, and even Canada, in a timely manner is possible. Our team of 5 ergonomists and our virtual services are there when you need them.<\/p>\n\n\n\n<div class=\"wp-block-buttons is-layout-flex wp-block-buttons-is-layout-flex\">\n<div class=\"wp-block-button is-style-outline\"><a class=\"wp-block-button__link wp-element-button\" href=\"google.ca\">Learn more<\/a><\/div>\n<\/div>\n\n\n        <\/div>\n    <\/div>\n<\/section>\n                    \n\n\n<section class=\"image-text-block__preview\">\n    <h1 class=\"title-preview\">Image &amp; text<\/h1>\n    <div class=\"image-text-block__wrapper\">\n        <div class=\"image-text-block__image\">\n\n        <\/div>\n        <div class=\"image-text-block__text\">\n            \n\n<p class=\"is-style-bold-text\">Reputation<\/p>\n\n\n\n<h2 class=\"wp-block-heading\">A reputable and solid firm.<\/h2>\n\n\n\n<p>Vincent Ergonomie is a consulting form of Montreal well-established for more than 15 years. Ergonomists of the firm are regularly invited for their expertise by numbered of organizations, professional associations, agencies, and medias. All our professionals are recognized by the Association of Canadian Ergonomists (ACE) and the APEQ (the professional association of Quebec ergonomists). Mr. Vincent, president of the firm is also recognized by the Canadian College for the certification of professional ergonomists and has been WELL certified as a professional by the International WELL Building Institute.<\/p>\n\n\n\n<div class=\"wp-block-buttons is-layout-flex wp-block-buttons-is-layout-flex\">\n<div class=\"wp-block-button is-style-outline\"><a class=\"wp-block-button__link wp-element-button\" href=\"google.ca\">Learn more<\/a><\/div>\n<\/div>\n\n\n\n  <section class=\"partner-block theme-block alignfull\">\n    <div class=\"partner-block__wrapper\">\n                <div class=\"partner-block__content-item\">\n            <a\n                        target='_blank' class=\"partner-block__content-link\">\n              <img decoding=\"async\" src=\"https:\/\/www.vincentergonomie.com\/wp-content\/uploads\/2021\/09\/ACE-cmyk-mg-QCRegion_jpg_.jpg\" alt=\"ACE\" class=\"partner-block-second__logo\" title=\"\">\n            <\/a>\n\n          <\/div>\n                <div class=\"partner-block__content-item\">\n            <a\n                        target='_blank' class=\"partner-block__content-link\">\n              <img decoding=\"async\" src=\"https:\/\/www.vincentergonomie.com\/wp-content\/uploads\/2021\/09\/logo_tag.jpg\" alt=\"Association professionnelle des ergonomes du Qu\u00e9bec\" class=\"partner-block-second__logo\" title=\"\">\n            <\/a>\n\n          <\/div>\n                <div class=\"partner-block__content-item\">\n            <a\n                        target='_blank' class=\"partner-block__content-link\">\n              <img decoding=\"async\" src=\"https:\/\/www.vincentergonomie.com\/wp-content\/uploads\/2021\/09\/ccpe-certification-logo.jpg\" alt=\"CCCPE\" class=\"partner-block-second__logo\" title=\"\">\n            <\/a>\n\n          <\/div>\n                <div class=\"partner-block__content-item\">\n            <a\n                        target='_blank' class=\"partner-block__content-link\">\n              <img decoding=\"async\" src=\"https:\/\/www.vincentergonomie.com\/wp-content\/uploads\/2021\/11\/PA_WELL_Patrick_Vincent.jpg\" alt=\"WELL-AP\" class=\"partner-block-second__logo\" title=\"\">\n            <\/a>\n\n          <\/div>\n          <\/div><!-- END partner-block__wrapper -->\n  <\/section>\n\n\n\n        <\/div>\n    <\/div>\n<\/section>\n                    \n\n\n\n<section class=\"featured-posts-carousel__block theme-block alignfull\">\n  <div class=\"featured-posts-carousel__heading\">\n    <h2>Blog<\/h2>\n  <\/div>\n  \n<div class=\"listing-carousel\">\n  <div class=\"listing-carousel__container swiper-container\">\n    <div class=\"listing-carousel__controls\">\n      <div class=\"swiper-pagination listing-carousel__pagination\"><\/div>\n      <div class=\"listing-carousel__navigation\">\n        <div class=\"swiper-button-next listing-carousel__arrow listing-carousel__button-next\"><\/div>\n        <div class=\"swiper-button-prev listing-carousel__arrow listing-carousel__button-prev\"><\/div>\n      <\/div>\n    <\/div>\n\n    <div class=\"swiper-wrapper\">\n                        \n  <div class=\"listing-carousel__article-item swiper-slide\">\n\n    <!-- -------- Image -------- -->\n          <div class=\"listing-carousel__article-item__thumbnail\">\n        <img decoding=\"async\" src=\"https:\/\/www.vincentergonomie.com\/wp-content\/themes\/vincentergonomie.com\/dist\/images\/defaults\/default.jpg\" alt=\"\" title=\"\">\n      <\/div>\n    \n    <!-- -------- Details -------- -->\n    <div class=\"listing-carousel__article-item__details\">\n      \n              <!-- -------- Title -------- -->\n        <h3 class=\"listing-carousel__article-item__title\">\u00c9valuation de mise aux normes ergonomiques d\u2019un poste de travail informatis\u00e9<\/h3>\n      \n              <!-- -------- Description -------- -->\n        <p class=\"listing-carousel__article-item__excerpt\">Description L\u2019\u00e9valuation de mise aux normes d\u2019un poste de travail informatis\u00e9 est une intervention visant d\u2019une part \u00e0 d\u00e9terminer le niveau de conformit\u00e9 \u00e0 la norme CSA Z412 L\u2019ergonomie au bureau et, d\u2019autre part, \u00e0 rehausser l\u2019ergonomie du poste de travail informatis\u00e9 afin d\u2019\u00e9liminer les facteurs de risque ergonomiques. Cette intervention est indiqu\u00e9e notamment \u00e0 la suite de l\u2019apparition d\u2019inconforts musculosquelettiques ou oculo-visuels chez un employ\u00e9, d\u2019une plainte de la part d\u2019un ou de plusieurs employ\u00e9(s) ou lors de l\u2019accueil d\u2019un nouvel employ\u00e9 \u00e0 son poste. La plupart des organisations r\u00e9alisent cette intervention dans un contexte de pr\u00e9vention et lorsque&#8230;<\/p>\n      \n              <!-- -------- Read more -------- -->\n        <a href=\"https:\/\/www.vincentergonomie.com\/en\/blog\/evaluation-de-mise-aux-normes-ergonomiques-dun-poste-de-travail-informatise\/\" class=\"listing-carousel__article-item__link\">\n          Read more <span class=\"icon-arrow-left\"><\/span>\n        <\/a>\n          <\/div> <!-- END article-item__details -->\n\n  <\/div>\n                  <\/div>\n\n  <\/div> <!-- END listing-carousel__container -->\n<\/div>\n<\/section>\n","protected":false},"excerpt":{"rendered":"","protected":false},"author":3,"featured_media":0,"parent":0,"menu_order":0,"comment_status":"closed","ping_status":"closed","template":"","meta":{"_relevanssi_hide_post":"","_relevanssi_pin_for_all":"","_relevanssi_pin_keywords":"","_relevanssi_unpin_keywords":"","_relevanssi_related_keywords":"","_relevanssi_related_include_ids":"","_relevanssi_related_exclude_ids":"","_relevanssi_related_no_append":"","_relevanssi_related_not_related":"","_relevanssi_related_posts":"1","_relevanssi_noindex_reason":"","footnotes":""},"acf":[],"_links":{"self":[{"href":"https:\/\/www.vincentergonomie.com\/en\/wp-json\/wp\/v2\/pages\/481"}],"collection":[{"href":"https:\/\/www.vincentergonomie.com\/en\/wp-json\/wp\/v2\/pages"}],"about":[{"href":"https:\/\/www.vincentergonomie.com\/en\/wp-json\/wp\/v2\/types\/page"}],"author":[{"embeddable":true,"href":"https:\/\/www.vincentergonomie.com\/en\/wp-json\/wp\/v2\/users\/3"}],"replies":[{"embeddable":true,"href":"https:\/\/www.vincentergonomie.com\/en\/wp-json\/wp\/v2\/comments?post=481"}],"version-history":[{"count":17,"href":"https:\/\/www.vincentergonomie.com\/en\/wp-json\/wp\/v2\/pages\/481\/revisions"}],"predecessor-version":[{"id":2701,"href":"https:\/\/www.vincentergonomie.com\/en\/wp-json\/wp\/v2\/pages\/481\/revisions\/2701"}],"wp:attachment":[{"href":"https:\/\/www.vincentergonomie.com\/en\/wp-json\/wp\/v2\/media?parent=481"}],"curies":[{"name":"wp","href":"https:\/\/api.w.org\/{rel}","templated":true}]}}